{"id":15,"date":"2024-04-11T08:15:38","date_gmt":"2024-04-11T06:15:38","guid":{"rendered":"https:\/\/senior-home.cz\/tuchlovice\/?page_id=15"},"modified":"2024-05-31T10:00:54","modified_gmt":"2024-05-31T08:00:54","slug":"uvod","status":"publish","type":"page","link":"https:\/\/senior-home.cz\/tuchlovice\/","title":{"rendered":"\u00davod"},"content":{"rendered":"\n<h2 class=\"wp-block-heading\">Senior Home Tuchlovice<\/h2>\n\n\n\n<div class=\"wp-block-query is-layout-flow wp-block-query-is-layout-flow\"><ul class=\"wp-block-post-template is-layout-flow wp-block-post-template-is-layout-flow\"><li class=\"wp-block-post post-540 post type-post status-publish format-standard hentry category-nezarazene\">\n<h3 style=\"padding-bottom:0;margin-bottom:var(--wp--preset--spacing--10);\" class=\"has-link-color wp-elements-8d81a7d2f8e9b0c12e552f619f612c87 wp-block-post-title\"><a href=\"https:\/\/senior-home.cz\/tuchlovice\/nase-velikonoce\/\" target=\"_self\" >Na\u0161e Velikonoce<\/a><\/h3>\n\n<div style=\"padding-top:0;padding-bottom:0;margin-top:0;margin-bottom:0;\" class=\"wp-block-post-date\"><time datetime=\"2026-04-08T12:22:12+02:00\">8. 4. 2026<\/time><\/div>\n\n<div class=\"has-link-color wp-elements-02a7724a071b2ffb3b51fe081a012df4 wp-block-post-excerpt\"><p class=\"wp-block-post-excerpt__excerpt\">Cel\u00e9 velikono\u010dn\u00ed obdob\u00ed jsme si v\u0161ichni moc u\u017eili, v\u00a0cel\u00e9m domov\u011b jsme si ud\u011blali v\u00fdzdobu a to i s\u00a0pomoc\u00ed rodinn\u00fdch p\u0159\u00edslu\u0161n\u00edk\u016f na\u0161ich klient\u016f b\u011bhem Velikono\u010dn\u00edho tvo\u0159en\u00ed. Ve \u010dtvrte\u010dn\u00edm krou\u017eku \u0160ikovn\u00fdch rukou jsme procvi\u010dovaly motoriku z\u00e1bavnou formou. Hledaly jsme mezi m\u00ed\u010dky vaj\u00ed\u010dka a to i poslepu, vypl\u0148ovaly zaj\u00ed\u010dka a velikono\u010dn\u00ed vaj\u00ed\u010dko obarvenou cizrnou, r\u00fd\u017e\u00ed a kor\u00e1lky, zdobily<\/p><p class=\"wp-block-post-excerpt__more-text\"><a class=\"wp-block-post-excerpt__more-link\" href=\"https:\/\/senior-home.cz\/tuchlovice\/nase-velikonoce\/\">P\u0159e\u010dt\u011bte si v\u00edce<\/a><\/p><\/div>\n\n\n<hr class=\"wp-block-separator has-alpha-channel-opacity is-style-wide\"\/>\n\n<\/li><li class=\"wp-block-post post-515 post type-post status-publish format-standard hentry category-nezarazene\">\n<h3 style=\"padding-bottom:0;margin-bottom:var(--wp--preset--spacing--10);\" class=\"has-link-color wp-elements-8d81a7d2f8e9b0c12e552f619f612c87 wp-block-post-title\"><a href=\"https:\/\/senior-home.cz\/tuchlovice\/hudebni-vystoupeni-%f0%9f%98%8a\/\" target=\"_self\" >Hudebn\u00ed vystoupen\u00ed \ud83d\ude0a<\/a><\/h3>\n\n<div style=\"padding-top:0;padding-bottom:0;margin-top:0;margin-bottom:0;\" class=\"wp-block-post-date\"><time datetime=\"2026-04-02T10:59:52+02:00\">2. 4. 2026<\/time><\/div>\n\n<div class=\"has-link-color wp-elements-02a7724a071b2ffb3b51fe081a012df4 wp-block-post-excerpt\"><p class=\"wp-block-post-excerpt__excerpt\">\u00da\u010dinkuj\u00edc\u00ed : Duo PeK\u00e1\u010d<\/p><p class=\"wp-block-post-excerpt__more-text\"><a class=\"wp-block-post-excerpt__more-link\" href=\"https:\/\/senior-home.cz\/tuchlovice\/hudebni-vystoupeni-%f0%9f%98%8a\/\">P\u0159e\u010dt\u011bte si v\u00edce<\/a><\/p><\/div>\n\n\n<hr class=\"wp-block-separator has-alpha-channel-opacity is-style-wide\"\/>\n\n<\/li><li class=\"wp-block-post post-527 post type-post status-publish format-standard hentry category-nezarazene\">\n<h3 style=\"padding-bottom:0;margin-bottom:var(--wp--preset--spacing--10);\" class=\"has-link-color wp-elements-8d81a7d2f8e9b0c12e552f619f612c87 wp-block-post-title\"><a href=\"https:\/\/senior-home.cz\/tuchlovice\/velikonocni-tvoreni-2\/\" target=\"_self\" >Velikono\u010dn\u00ed tvo\u0159en\u00ed<\/a><\/h3>\n\n<div style=\"padding-top:0;padding-bottom:0;margin-top:0;margin-bottom:0;\" class=\"wp-block-post-date\"><time datetime=\"2026-03-31T07:34:19+02:00\">31. 3. 2026<\/time><\/div>\n\n<div class=\"has-link-color wp-elements-02a7724a071b2ffb3b51fe081a012df4 wp-block-post-excerpt\"><p class=\"wp-block-post-excerpt__excerpt\">V&nbsp;p\u00e1tek 27. 3. 2026 se v&nbsp;prostor\u00e1ch na\u0161\u00ed aktiviza\u010dn\u00ed a n\u00e1v\u0161t\u011bvn\u00ed m\u00edstnosti konalo spole\u010dn\u00e9 tvo\u0159en\u00ed klient\u016f a jejich rodinn\u00fdch p\u0159\u00edslu\u0161n\u00edk\u016f. Na v\u00fdb\u011br bylo hned n\u011bkolik r\u016fzn\u00fdch pap\u00edrov\u00fdch dekorac\u00ed, z\u00e1pich\u016f a obr\u00e1zk\u016f. Klienti si mohli poskl\u00e1dat jednoduch\u00e9 puzzle s&nbsp;velikono\u010dn\u00ed tematikou a d\u00e1t si drobn\u00e9 ob\u010derstven\u00ed. D\u011bti mohly hledat poschov\u00e1van\u00e1 vaj\u00ed\u010dka za sladkou odm\u011bnu. V\u0161ichni se zhostili obkreslov\u00e1n\u00ed,<\/p><p class=\"wp-block-post-excerpt__more-text\"><a class=\"wp-block-post-excerpt__more-link\" href=\"https:\/\/senior-home.cz\/tuchlovice\/velikonocni-tvoreni-2\/\">P\u0159e\u010dt\u011bte si v\u00edce<\/a><\/p><\/div>\n\n\n<hr class=\"wp-block-separator has-alpha-channel-opacity is-style-wide\"\/>\n\n<\/li><li class=\"wp-block-post post-480 post type-post status-publish format-standard hentry category-nezarazene\">\n<h3 style=\"padding-bottom:0;margin-bottom:var(--wp--preset--spacing--10);\" class=\"has-link-color wp-elements-8d81a7d2f8e9b0c12e552f619f612c87 wp-block-post-title\"><a href=\"https:\/\/senior-home.cz\/tuchlovice\/velikonocni-tvoreni\/\" target=\"_self\" >Pozv\u00e1nka na velikono\u010dn\u00ed tvo\u0159en\u00ed<\/a><\/h3>\n\n<div style=\"padding-top:0;padding-bottom:0;margin-top:0;margin-bottom:0;\" class=\"wp-block-post-date\"><time datetime=\"2026-03-26T08:21:24+01:00\">26. 3. 2026<\/time><\/div>\n\n<div class=\"has-link-color wp-elements-02a7724a071b2ffb3b51fe081a012df4 wp-block-post-excerpt\"><p class=\"wp-block-post-excerpt__excerpt\">V\u00e1\u017een\u00ed rodinn\u00ed p\u0159\u00edslu\u0161n\u00edci a bl\u00edzc\u00ed, r\u00e1di bychom V\u00e1s pozvali na&nbsp;spole\u010dn\u00e9 Velikono\u010dn\u00ed tvo\u0159en\u00ed,&nbsp;kter\u00e9 se bude konat v&nbsp;p\u00e1tek&nbsp;27. b\u0159ezna od 14:00 do 16:00 v Senior Home Tuchlovice. Spole\u010dn\u011b se sv\u00fdmi bl\u00edzk\u00fdmi, kte\u0159\u00ed jsou klienti na\u0161eho domova si budete moci vyrobit velikono\u010dn\u00ed dekorace, posed\u011bt a spole\u010dn\u011b si u\u017e\u00edt atmosf\u00e9ru. Pro d\u011bti bude p\u0159ipraven\u00e9 hled\u00e1n\u00ed vaj\u00ed\u010dek za drobnou odm\u011bnu.<\/p><p class=\"wp-block-post-excerpt__more-text\"><a class=\"wp-block-post-excerpt__more-link\" href=\"https:\/\/senior-home.cz\/tuchlovice\/velikonocni-tvoreni\/\">P\u0159e\u010dt\u011bte si v\u00edce<\/a><\/p><\/div>\n\n\n<hr class=\"wp-block-separator has-alpha-channel-opacity is-style-wide\"\/>\n\n<\/li><li class=\"wp-block-post post-483 post type-post status-publish format-standard hentry category-nezarazene\">\n<h3 style=\"padding-bottom:0;margin-bottom:var(--wp--preset--spacing--10);\" class=\"has-link-color wp-elements-8d81a7d2f8e9b0c12e552f619f612c87 wp-block-post-title\"><a href=\"https:\/\/senior-home.cz\/tuchlovice\/vitame-jaro-%f0%9f%98%8a\/\" target=\"_self\" >V\u00edt\u00e1me jaro \ud83d\ude0a<\/a><\/h3>\n\n<div style=\"padding-top:0;padding-bottom:0;margin-top:0;margin-bottom:0;\" class=\"wp-block-post-date\"><time datetime=\"2026-03-26T08:06:01+01:00\">26. 3. 2026<\/time><\/div>\n\n<div class=\"has-link-color wp-elements-02a7724a071b2ffb3b51fe081a012df4 wp-block-post-excerpt\"><p class=\"wp-block-post-excerpt__excerpt\"><\/p><p class=\"wp-block-post-excerpt__more-text\"><a class=\"wp-block-post-excerpt__more-link\" href=\"https:\/\/senior-home.cz\/tuchlovice\/vitame-jaro-%f0%9f%98%8a\/\">P\u0159e\u010dt\u011bte si v\u00edce<\/a><\/p><\/div>\n\n\n<hr class=\"wp-block-separator has-alpha-channel-opacity is-style-wide\"\/>\n\n<\/li><li class=\"wp-block-post post-462 post type-post status-publish format-standard hentry category-nezarazene\">\n<h3 style=\"padding-bottom:0;margin-bottom:var(--wp--preset--spacing--10);\" class=\"has-link-color wp-elements-8d81a7d2f8e9b0c12e552f619f612c87 wp-block-post-title\"><a href=\"https:\/\/senior-home.cz\/tuchlovice\/vanocni-tvoreni-%f0%9f%98%8a\/\" target=\"_self\" >V\u00e1no\u010dn\u00ed tvo\u0159en\u00ed \ud83d\ude0a<\/a><\/h3>\n\n<div style=\"padding-top:0;padding-bottom:0;margin-top:0;margin-bottom:0;\" class=\"wp-block-post-date\"><time datetime=\"2025-12-16T13:29:41+01:00\">16. 12. 2025<\/time><\/div>\n\n<div class=\"has-link-color wp-elements-02a7724a071b2ffb3b51fe081a012df4 wp-block-post-excerpt\"><p class=\"wp-block-post-excerpt__excerpt\"><\/p><p class=\"wp-block-post-excerpt__more-text\"><a class=\"wp-block-post-excerpt__more-link\" href=\"https:\/\/senior-home.cz\/tuchlovice\/vanocni-tvoreni-%f0%9f%98%8a\/\">P\u0159e\u010dt\u011bte si v\u00edce<\/a><\/p><\/div>\n\n\n<hr class=\"wp-block-separator has-alpha-channel-opacity is-style-wide\"\/>\n\n<\/li><li class=\"wp-block-post post-465 post type-post status-publish format-standard hentry category-nezarazene\">\n<h3 style=\"padding-bottom:0;margin-bottom:var(--wp--preset--spacing--10);\" class=\"has-link-color wp-elements-8d81a7d2f8e9b0c12e552f619f612c87 wp-block-post-title\"><a href=\"https:\/\/senior-home.cz\/tuchlovice\/mikulas-%f0%9f%98%8a\/\" target=\"_self\" >Mikul\u00e1\u0161 \ud83d\ude0a<\/a><\/h3>\n\n<div style=\"padding-top:0;padding-bottom:0;margin-top:0;margin-bottom:0;\" class=\"wp-block-post-date\"><time datetime=\"2025-12-12T13:14:14+01:00\">12. 12. 2025<\/time><\/div>\n\n<div class=\"has-link-color wp-elements-02a7724a071b2ffb3b51fe081a012df4 wp-block-post-excerpt\"><p class=\"wp-block-post-excerpt__excerpt\">A jako ka\u017ed\u00fd rok n\u00e1s v domov\u011b nav\u0161t\u00edvili Mikul\u00e1\u0161, \u010dert a and\u011bl. V\u00a0pokoj\u00edch zazn\u011blo mnoho kr\u00e1sn\u00fdch p\u00edsni\u010dek, b\u00e1sni\u010dek i cit\u00e1t\u016f a v\u0161ude vl\u00e1dla dobr\u00e1 n\u00e1lada \ud83d\ude0a.\u00a0<\/p><p class=\"wp-block-post-excerpt__more-text\"><a class=\"wp-block-post-excerpt__more-link\" href=\"https:\/\/senior-home.cz\/tuchlovice\/mikulas-%f0%9f%98%8a\/\">P\u0159e\u010dt\u011bte si v\u00edce<\/a><\/p><\/div>\n\n\n<hr class=\"wp-block-separator has-alpha-channel-opacity is-style-wide\"\/>\n\n<\/li><li class=\"wp-block-post post-437 post type-post status-publish format-standard hentry category-nezarazene\">\n<h3 style=\"padding-bottom:0;margin-bottom:var(--wp--preset--spacing--10);\" class=\"has-link-color wp-elements-8d81a7d2f8e9b0c12e552f619f612c87 wp-block-post-title\"><a href=\"https:\/\/senior-home.cz\/tuchlovice\/den-otevrenych-dveri\/\" target=\"_self\" >Den otev\u0159en\u00fdch dve\u0159\u00ed<\/a><\/h3>\n\n<div style=\"padding-top:0;padding-bottom:0;margin-top:0;margin-bottom:0;\" class=\"wp-block-post-date\"><time datetime=\"2025-09-23T12:24:42+02:00\">23. 9. 2025<\/time><\/div>\n\n<div class=\"has-link-color wp-elements-02a7724a071b2ffb3b51fe081a012df4 wp-block-post-excerpt\"><p class=\"wp-block-post-excerpt__excerpt\">Srde\u010dn\u011b V\u00e1s zveme na Den otev\u0159en\u00fdch dve\u0159\u00ed, kter\u00fd se kon\u00e1 1. \u0159\u00edjna 2025 v Domov\u011b se zvl\u00e1\u0161tn\u00edm re\u017eimem Tuchlovice. Akce prob\u011bhne od 9:00 do 17:30 hodin a je sou\u010d\u00e1st\u00ed T\u00fddne soci\u00e1ln\u00edch slu\u017eeb. P\u0159ij\u010fte se k n\u00e1m pod\u00edvat, jak\u00e9 slu\u017eby nab\u00edz\u00edme, a setkejte se s na\u0161\u00edm t\u00fdmem. Sou\u010d\u00e1st\u00ed jsou prohl\u00eddky na\u0161ich prostor a mo\u017enost konzultac\u00ed. S<\/p><p class=\"wp-block-post-excerpt__more-text\"><a class=\"wp-block-post-excerpt__more-link\" href=\"https:\/\/senior-home.cz\/tuchlovice\/den-otevrenych-dveri\/\">P\u0159e\u010dt\u011bte si v\u00edce<\/a><\/p><\/div>\n\n\n<hr class=\"wp-block-separator has-alpha-channel-opacity is-style-wide\"\/>\n\n<\/li><li class=\"wp-block-post post-427 post type-post status-publish format-standard hentry category-nezarazene\">\n<h3 style=\"padding-bottom:0;margin-bottom:var(--wp--preset--spacing--10);\" class=\"has-link-color wp-elements-8d81a7d2f8e9b0c12e552f619f612c87 wp-block-post-title\"><a href=\"https:\/\/senior-home.cz\/tuchlovice\/kvetnove-aktivity-%f0%9f%98%8a\/\" target=\"_self\" >Kv\u011btnov\u00e9 aktivity \ud83d\ude0a<\/a><\/h3>\n\n<div style=\"padding-top:0;padding-bottom:0;margin-top:0;margin-bottom:0;\" class=\"wp-block-post-date\"><time datetime=\"2025-06-04T14:22:42+02:00\">4. 6. 2025<\/time><\/div>\n\n<div class=\"has-link-color wp-elements-02a7724a071b2ffb3b51fe081a012df4 wp-block-post-excerpt\"><p class=\"wp-block-post-excerpt__excerpt\">Vyu\u017eili jsme slune\u010dn\u00e9ho po\u010das\u00ed a vyrazili na dobroty do cukr\u00e1rny. D\u00e1le jsme procvi\u010dovali jemnou motoriku pleten\u00edm a vyr\u00e1b\u011bn\u00edm a u\u017e\u00edvali si jarn\u00ed pohody. \ud83d\ude0a<\/p><p class=\"wp-block-post-excerpt__more-text\"><a class=\"wp-block-post-excerpt__more-link\" href=\"https:\/\/senior-home.cz\/tuchlovice\/kvetnove-aktivity-%f0%9f%98%8a\/\">P\u0159e\u010dt\u011bte si v\u00edce<\/a><\/p><\/div>\n\n\n<hr class=\"wp-block-separator has-alpha-channel-opacity is-style-wide\"\/>\n\n<\/li><li class=\"wp-block-post post-413 post type-post status-publish format-standard hentry category-nezarazene\">\n<h3 style=\"padding-bottom:0;margin-bottom:var(--wp--preset--spacing--10);\" class=\"has-link-color wp-elements-8d81a7d2f8e9b0c12e552f619f612c87 wp-block-post-title\"><a href=\"https:\/\/senior-home.cz\/tuchlovice\/olympiada-%f0%9f%98%8a\/\" target=\"_self\" >Olympi\u00e1da \ud83d\ude0a<\/a><\/h3>\n\n<div style=\"padding-top:0;padding-bottom:0;margin-top:0;margin-bottom:0;\" class=\"wp-block-post-date\"><time datetime=\"2025-04-02T13:24:39+02:00\">2. 4. 2025<\/time><\/div>\n\n<div class=\"has-link-color wp-elements-02a7724a071b2ffb3b51fe081a012df4 wp-block-post-excerpt\"><p class=\"wp-block-post-excerpt__excerpt\">Dne 19.3. se u n\u00e1s uskute\u010dnil prvn\u00ed ro\u010dn\u00edk putovn\u00ed meziobecn\u00ed olympi\u00e1dy, kter\u00fd zorganizovala MAS Svatov\u00e1clavsko, z.s. Jednalo se o sportovn\u00ed discipl\u00edny, kter\u00e9 byly p\u0159izp\u016fsobeny mobilit\u011b senior\u016f tak, aby si u\u017eili pohyb a zdrav\u00e9 soupe\u0159en\u00ed p\u0159i sportovn\u00edch aktivit\u00e1ch. Na\u0161i senio\u0159i sout\u011b\u017eili nap\u0159\u00edklad v badmintonu, fotbale \u010di hodu krou\u017ekem na c\u00edl. Na z\u00e1v\u011br obdr\u017eeli od d\u011bt\u00ed diplomy<\/p><p class=\"wp-block-post-excerpt__more-text\"><a class=\"wp-block-post-excerpt__more-link\" href=\"https:\/\/senior-home.cz\/tuchlovice\/olympiada-%f0%9f%98%8a\/\">P\u0159e\u010dt\u011bte si v\u00edce<\/a><\/p><\/div>\n\n\n<hr class=\"wp-block-separator has-alpha-channel-opacity is-style-wide\"\/>\n\n<\/li><\/ul>\n\n<nav class=\"wp-block-query-pagination is-layout-flex wp-block-query-pagination-is-layout-flex\" aria-label=\"Str\u00e1nkov\u00e1n\u00ed\">\n\n\n<div class=\"wp-block-query-pagination-numbers\"><span aria-current=\"page\" class=\"page-numbers current\">1<\/span>\n<a class=\"page-numbers\" href=\"?query-17-page=2\">2<\/a>\n<a class=\"page-numbers\" href=\"?query-17-page=3\">3<\/a>\n<a class=\"page-numbers\" href=\"?query-17-page=4\">4<\/a><\/div>\n\n<a href=\"\/tuchlovice\/wp-json\/wp\/v2\/pages\/15?query-17-page=2\" class=\"wp-block-query-pagination-next\">Dal\u0161\u00ed str\u00e1nka<\/a>\n<\/nav>\n\n<\/div>\n","protected":false},"excerpt":{"rendered":"<p>Senior Home Tuchlovice<\/p>\n","protected":false},"author":1,"featured_media":0,"parent":0,"menu_order":0,"comment_status":"closed","ping_status":"closed","template":"","meta":{"ngg_post_thumbnail":0,"_mc_calendar":[],"footnotes":""},"class_list":["post-15","page","type-page","status-publish","hentry"],"_links":{"self":[{"href":"https:\/\/senior-home.cz\/tuchlovice\/wp-json\/wp\/v2\/pages\/15","targetHints":{"allow":["GET"]}}],"collection":[{"href":"https:\/\/senior-home.cz\/tuchlovice\/wp-json\/wp\/v2\/pages"}],"about":[{"href":"https:\/\/senior-home.cz\/tuchlovice\/wp-json\/wp\/v2\/types\/page"}],"author":[{"embeddable":true,"href":"https:\/\/senior-home.cz\/tuchlovice\/wp-json\/wp\/v2\/users\/1"}],"replies":[{"embeddable":true,"href":"https:\/\/senior-home.cz\/tuchlovice\/wp-json\/wp\/v2\/comments?post=15"}],"version-history":[{"count":7,"href":"https:\/\/senior-home.cz\/tuchlovice\/wp-json\/wp\/v2\/pages\/15\/revisions"}],"predecessor-version":[{"id":286,"href":"https:\/\/senior-home.cz\/tuchlovice\/wp-json\/wp\/v2\/pages\/15\/revisions\/286"}],"wp:attachment":[{"href":"https:\/\/senior-home.cz\/tuchlovice\/wp-json\/wp\/v2\/media?parent=15"}],"curies":[{"name":"wp","href":"https:\/\/api.w.org\/{rel}","templated":true}]}}