{"id":39,"date":"2024-04-11T08:36:33","date_gmt":"2024-04-11T06:36:33","guid":{"rendered":"https:\/\/senior-home.cz\/tuchlovice\/?page_id=39"},"modified":"2026-02-03T11:10:53","modified_gmt":"2026-02-03T10:10:53","slug":"kontakt","status":"publish","type":"page","link":"https:\/\/senior-home.cz\/tuchlovice\/kontakt\/","title":{"rendered":"Kontakt"},"content":{"rendered":"\n<h2 class=\"wp-block-heading\">Kontakt<\/h2>\n\n\n\n<p><strong>Osobn\u00ed kontakt v za\u0159\u00edzen\u00ed n\u00ed\u017ee uveden\u00fdch pracovn\u00edk\u016f, <\/strong><strong>pouze po p\u0159edchoz\u00ed rezervaci:<\/strong><\/p>\n\n\n\n<ul class=\"wp-block-list ticss-292b2df6\">\n<li>V&nbsp;\u00fa\u0159edn\u00ed dny: <strong>pond\u011bl\u00ed a st\u0159eda ve vymezen\u00fdch \u010dasech rezerva\u010dn\u00edho syst\u00e9mu na odkazu:<\/strong> <a href=\"https:\/\/outlook.office365.com\/book\/TUCHLOVICE1@miab.onmicrosoft.com\/\" target=\"_blank\" rel=\"noreferrer noopener\"><mark style=\"background-color:rgba(0, 0, 0, 0);color:#ff0000\" class=\"has-inline-color\">Rezervace sch\u016fzky<\/mark><\/a><\/li>\n<\/ul>\n\n\n\n<hr class=\"wp-block-separator has-alpha-channel-opacity\"\/>\n\n\n\n<div class=\"wp-block-columns is-layout-flex wp-container-core-columns-is-layout-28f84493 wp-block-columns-is-layout-flex\">\n<div class=\"wp-block-column is-layout-flow wp-block-column-is-layout-flow\">\n<p><strong>Vedouc\u00ed soci\u00e1ln\u00edho \u00faseku, soci\u00e1ln\u00ed pracovn\u00edk:<\/strong><br>Renata Pavelkov\u00e1, DiS<br>Telefon: +420 773 833 233<br>Email:&nbsp;<a href=\"mailto:tuchlovice.socialni@senior-home.cz\">tuchlovice.socialni@senior-home.cz<\/a><\/p>\n<\/div>\n\n\n\n<div class=\"wp-block-column is-layout-flow wp-block-column-is-layout-flow\">\n<p><strong>Soci\u00e1ln\u00ed pracovn\u00edk<\/strong> <strong><em>(informace pro nov\u00e9 \u017eadatele<\/em><\/strong>):<br>Mgr. Petr Littmann<br>Telefon: +420 773 833 248<br>Email:&nbsp;<a href=\"mailto:tuchlovice.socialni@senior-home.cz\">tuchlovice.socialni@senior-home.cz<\/a><\/p>\n<\/div>\n\n\n\n<div class=\"wp-block-column is-layout-flow wp-block-column-is-layout-flow\"><\/div>\n<\/div>\n\n\n\n<div class=\"wp-block-columns is-layout-flex wp-container-core-columns-is-layout-28f84493 wp-block-columns-is-layout-flex\">\n<div class=\"wp-block-column is-layout-flow wp-block-column-is-layout-flow\">\n<p><strong>Vedouc\u00ed p\u0159\u00edm\u00e9 p\u00e9\u010de, soci\u00e1ln\u00ed pracovn\u00edk:<\/strong><br>Mark\u00e9ta Pt\u00e1\u010dn\u00edkov\u00e1<br>Telefon: +420 773 833 213<br>Email:\u00a0<a href=\"mailto:tuchlovice.primapece@senior-home.cz\">tuchlovice.primapece@senior-home.cz<\/a><\/p>\n<\/div>\n\n\n\n<div class=\"wp-block-column is-layout-flow wp-block-column-is-layout-flow\">\n<p><strong>Z\u00e1stupce vedouc\u00ed p\u0159\u00edm\u00e9 p\u00e9\u010de:<\/strong><br>Bc. Tereza Ml\u00e1dkov\u00e1<br>Telefon: +420 773 833 232<br>Email: <a href=\"mailto:tuchlovice.primapece@senior-home.cz\">tuchlovice.primapece@senior-home.cz<\/a><\/p>\n<\/div>\n\n\n\n<div class=\"wp-block-column is-layout-flow wp-block-column-is-layout-flow\">\n<p><strong>Pe\u010dovatel\u00e9:<\/strong><br>Telefon: +420 773 833 231<\/p>\n<\/div>\n<\/div>\n\n\n\n<hr class=\"wp-block-separator has-alpha-channel-opacity\"\/>\n\n\n\n<p><strong>Informace o zdravotn\u00edm stavu \u010di osobn\u00ed kontakt v za\u0159\u00edzen\u00ed n\u00ed\u017ee uveden\u00fdch pracovn\u00edk\u016f,<\/strong> <strong>pros\u00edm pou\u017eijte telefonick\u00fd \u010di emailov\u00fd kontakt:<\/strong><\/p>\n\n\n\n<div class=\"wp-block-columns is-layout-flex wp-container-core-columns-is-layout-28f84493 wp-block-columns-is-layout-flex\">\n<div class=\"wp-block-column is-layout-flow wp-block-column-is-layout-flow\">\n<p><strong>Vedouc\u00ed zdravotn\u00edho \u00faseku:<\/strong><br>Anastazie Lazur\u010denkov\u00e1<br>Telefon: +420 773 833 235<br>Email:&nbsp;<a href=\"mailto:tuchlovice.zdravotni@senior-home.cz\">tuchlovice.zdravotni@senior-home.cz<\/a><\/p>\n<\/div>\n\n\n\n<div class=\"wp-block-column is-layout-flow wp-block-column-is-layout-flow\">\n<p><strong>Z\u00e1stupce vedouc\u00ed zdravotn\u00edho \u00faseku:<\/strong><br>Danu\u0161e Pokorn\u00e1<br>Telefon: +420 773 833 235<br>Email:&nbsp;<a href=\"mailto:tuchlovice.zdravotni@senior-home.cz\">tuchlovice.zdravotni@senior-home.cz<\/a><\/p>\n<\/div>\n\n\n\n<div class=\"wp-block-column is-layout-flow wp-block-column-is-layout-flow\">\n<p><strong>Zdravotn\u00ed sestry:<\/strong><br>Telefon: +420 773 833 216<\/p>\n<\/div>\n<\/div>\n\n\n\n<hr class=\"wp-block-separator has-alpha-channel-opacity\"\/>\n\n\n\n<p><strong>Informace ohledn\u011b vy\u00fa\u010dtov\u00e1n\u00ed slu\u017eeb:<\/strong><\/p>\n\n\n\n<div class=\"wp-block-columns is-layout-flex wp-container-core-columns-is-layout-28f84493 wp-block-columns-is-layout-flex\">\n<div class=\"wp-block-column is-layout-flow wp-block-column-is-layout-flow\">\n<p><strong>Asistentka, Fakturantka:<\/strong><br>Telefon: +420 773 833 230<br>Email:&nbsp;<a href=\"mailto:tuchlovice@senior-home.cz\">tuchlovice@senior-home.cz<\/a><\/p>\n<\/div>\n<\/div>\n\n\n\n<hr class=\"wp-block-separator has-alpha-channel-opacity\"\/>\n\n\n\n<div class=\"wp-block-columns is-layout-flex wp-container-core-columns-is-layout-28f84493 wp-block-columns-is-layout-flex\">\n<div class=\"wp-block-column is-layout-flow wp-block-column-is-layout-flow\">\n<p><strong>Vedouc\u00ed provozn\u00edho \u00faseku:<\/strong><br>Jana \u0160najdrov\u00e1<br>Telefon: +420 773 833 234<br>Email:&nbsp;<a href=\"mailto:tuchlovice.provozni@senior-home.cz\">tuchlovice.provozni@senior-home.cz<\/a><\/p>\n<\/div>\n<\/div>\n\n\n\n<div class=\"wp-block-columns is-layout-flex wp-container-core-columns-is-layout-28f84493 wp-block-columns-is-layout-flex\">\n<div class=\"wp-block-column is-layout-flow wp-block-column-is-layout-flow\">\n<p><strong>Kontroln\u00ed a metodick\u00fd \u00fasek, st\u00ed\u017enosti:<\/strong><br>Email:&nbsp;<a href=\"mailto:stiznosti@senior-home.cz\">stiznosti@senior-home.cz<\/a><\/p>\n<\/div>\n\n\n\n<div class=\"wp-block-column is-layout-flow wp-block-column-is-layout-flow\"><\/div>\n\n\n\n<div class=\"wp-block-column is-layout-flow wp-block-column-is-layout-flow\"><\/div>\n\n\n\n<div class=\"wp-block-column is-layout-flow wp-block-column-is-layout-flow\"><\/div>\n<\/div>\n\n\n\n<hr class=\"wp-block-separator has-alpha-channel-opacity\"\/>\n\n\n\n<div class=\"wp-block-columns is-layout-flex wp-container-core-columns-is-layout-e0e4babd wp-block-columns-is-layout-flex\" style=\"padding-right:0;padding-left:0\">\n<div class=\"wp-block-column is-layout-flow wp-block-column-is-layout-flow\">\n<p><strong>Adresa provozovny Tuchlovice:<\/strong><br>Domov se zvl\u00e1\u0161tn\u00edm re\u017eimem Tuchlovice<br>Karlovarsk\u00e1 603<br>Tuchlovice, 273 02<br>okres Kladno<br>E-mail:&nbsp;<a href=\"mailto:tuchlovice@senior-home.cz\">tuchlovice@senior-home.cz<\/a><\/p>\n\n\n\n<p><strong>S\u00eddlo spole\u010dnosti:<\/strong><br>Senior Home, s. r. o.<br>U Plyn\u00e1rny 1455\/70<br>Praha 10 &#8211; Michle<br>101 00<br>I\u010c: 24809730<br>DI\u010c: CZ24809730<\/p>\n\n\n\n<p>ID datov\u00e9 schr\u00e1nky: vskyf53<br>\u010c\u00edslo registrace soci\u00e1ln\u00ed slu\u017eby: 7907684<\/p>\n<\/div>\n\n\n\n<div class=\"wp-block-column is-layout-flow wp-block-column-is-layout-flow\">\n<iframe loading=\"lazy\" width=\"100%\" height=\"500\" frameborder=\"0\" scrolling=\"no\" marginheight=\"0\" marginwidth=\"0\" src=\"https:\/\/maps.google.cz\/maps?width=100%25&amp;height=500&amp;hl=cs&amp;q=Karlovarsk%C3%A1%20603,%20Tuchlovice,%2027302+(Senior-Home,%20s.r.o.)&amp;t=&amp;z=14&amp;ie=UTF8&amp;iwloc=B&amp;output=embed\"><\/iframe>\n<\/div>\n<\/div>\n\n\n\n<hr class=\"wp-block-separator has-alpha-channel-opacity\"\/>\n\n\n\n<div class=\"wp-block-group is-vertical is-layout-flex wp-container-core-group-is-layout-fe9cc265 wp-block-group-is-layout-flex\">\n<div class=\"wp-block-file\"><a id=\"wp-block-file--media-e0d987b7-d269-4f37-82c2-e68b7e2ba0a5\" href=\"https:\/\/senior-home.cz\/tuchlovice\/wp-content\/uploads\/sites\/2\/2024\/04\/vypis-z-obchodniho-rejstriku.pdf\" target=\"_blank\" rel=\"noreferrer noopener\">V\u00fdpis z obchodn\u00edho rejst\u0159\u00edku<\/a><a href=\"https:\/\/senior-home.cz\/tuchlovice\/wp-content\/uploads\/sites\/2\/2024\/04\/vypis-z-obchodniho-rejstriku.pdf\" class=\"wp-block-file__button wp-element-button\" download aria-describedby=\"wp-block-file--media-e0d987b7-d269-4f37-82c2-e68b7e2ba0a5\">St\u00e1hnout<\/a><\/div>\n\n\n\n<div class=\"wp-block-file\"><a id=\"wp-block-file--media-16933fd4-2c62-4351-bc06-776d48aeb3f7\" href=\"https:\/\/senior-home.cz\/tuchlovice\/wp-content\/uploads\/sites\/2\/2024\/04\/rozhodnuti-o-registraci-socialni-sluzby-2024.pdf\" target=\"_blank\" rel=\"noreferrer noopener\">Rozhodnut\u00ed o registraci soci\u00e1ln\u00ed slu\u017eby (2024)<\/a><a href=\"https:\/\/senior-home.cz\/tuchlovice\/wp-content\/uploads\/sites\/2\/2024\/04\/rozhodnuti-o-registraci-socialni-sluzby-2024.pdf\" class=\"wp-block-file__button wp-element-button\" download aria-describedby=\"wp-block-file--media-16933fd4-2c62-4351-bc06-776d48aeb3f7\">St\u00e1hnout<\/a><\/div>\n<\/div>\n\n\n\n<hr class=\"wp-block-separator has-alpha-channel-opacity\"\/>\n\n\n\n<h2 class=\"wp-block-heading\">Podn\u011bt, p\u0159ipom\u00ednka \u010di st\u00ed\u017enost k poskytov\u00e1n\u00ed soci\u00e1ln\u00ed slu\u017eby<\/h2>\n\n\n<style id=\"wpforms-css-vars-446-block-467be706-6273-4c3d-8504-5ded80cfe5eb\">\n\t\t\t\t#wpforms-446.wpforms-block-467be706-6273-4c3d-8504-5ded80cfe5eb {\n\t\t\t\t--wpforms-field-size-input-height: 43px;\n--wpforms-field-size-input-spacing: 15px;\n--wpforms-field-size-font-size: 16px;\n--wpforms-field-size-line-height: 19px;\n--wpforms-field-size-padding-h: 14px;\n--wpforms-field-size-checkbox-size: 16px;\n--wpforms-field-size-sublabel-spacing: 5px;\n--wpforms-field-size-icon-size: 1;\n--wpforms-label-size-font-size: 16px;\n--wpforms-label-size-line-height: 19px;\n--wpforms-label-size-sublabel-font-size: 14px;\n--wpforms-label-size-sublabel-line-height: 17px;\n--wpforms-button-size-font-size: 17px;\n--wpforms-button-size-height: 41px;\n--wpforms-button-size-padding-h: 15px;\n--wpforms-button-size-margin-top: 10px;\n\t\t\t}\n\t\t\t<\/style><div class=\"wpforms-container wpforms-container-full wpforms-block wpforms-block-467be706-6273-4c3d-8504-5ded80cfe5eb wpforms-render-modern\" id=\"wpforms-446\"><form id=\"wpforms-form-446\" class=\"wpforms-validate wpforms-form wpforms-ajax-form\" data-formid=\"446\" method=\"post\" enctype=\"multipart\/form-data\" action=\"\/tuchlovice\/wp-json\/wp\/v2\/pages\/39\" data-token=\"487f5538c3b5aefeee2d4b37d14fba53\" data-token-time=\"1777456137\"><noscript class=\"wpforms-error-noscript\">Chcete-li vyplnit tento formul\u00e1\u0159, pros\u00edm povolte v prohl\u00ed\u017ee\u010di JavaScript.<\/noscript><div id=\"wpforms-error-noscript\" style=\"display: none;\">Chcete-li vyplnit tento formul\u00e1\u0159, pros\u00edm povolte v prohl\u00ed\u017ee\u010di JavaScript.<\/div><div class=\"wpforms-field-container\">\t\t<div id=\"wpforms-446-field_5-container\"\n\t\t\tclass=\"wpforms-field wpforms-field-text\"\n\t\t\tdata-field-type=\"text\"\n\t\t\tdata-field-id=\"5\"\n\t\t\t>\n\t\t\t<label class=\"wpforms-field-label\" for=\"wpforms-446-field_5\" >poskytov\u00e1n\u00ed st\u00ed\u017enost E-mail<\/label>\n\t\t\t<input type=\"text\" id=\"wpforms-446-field_5\" class=\"wpforms-field-medium\" name=\"wpforms[fields][5]\" >\n\t\t<\/div>\n\t\t<div id=\"wpforms-446-field_1-container\" class=\"wpforms-field wpforms-field-name\" data-field-id=\"1\"><fieldset><legend class=\"wpforms-field-label\">Jm\u00e9no (nepovinn\u00e9)<\/legend><div class=\"wpforms-field-row wpforms-field-medium\"><div class=\"wpforms-field-row-block wpforms-first wpforms-one-half\"><input type=\"text\" id=\"wpforms-446-field_1\" class=\"wpforms-field-name-first\" name=\"wpforms[fields][1][first]\" aria-errormessage=\"wpforms-446-field_1-error\" ><label for=\"wpforms-446-field_1\" class=\"wpforms-field-sublabel after\">K\u0159estn\u00ed jm\u00e9no<\/label><\/div><div class=\"wpforms-field-row-block wpforms-one-half\"><input type=\"text\" id=\"wpforms-446-field_1-last\" class=\"wpforms-field-name-last\" name=\"wpforms[fields][1][last]\" aria-errormessage=\"wpforms-446-field_1-last-error\" ><label for=\"wpforms-446-field_1-last\" class=\"wpforms-field-sublabel after\">P\u0159\u00edjmen\u00ed<\/label><\/div><\/div><\/fieldset><\/div><div id=\"wpforms-446-field_2-container\" class=\"wpforms-field wpforms-field-email\" data-field-id=\"2\"><label class=\"wpforms-field-label\" for=\"wpforms-446-field_2\">E-mail (nepovinn\u00e9)<\/label><input type=\"email\" id=\"wpforms-446-field_2\" class=\"wpforms-field-medium\" name=\"wpforms[fields][2]\" spellcheck=\"false\" aria-errormessage=\"wpforms-446-field_2-error\" ><\/div><div id=\"wpforms-446-field_3-container\" class=\"wpforms-field wpforms-field-radio\" data-field-id=\"3\"><fieldset><legend class=\"wpforms-field-label\">Typ <span class=\"wpforms-required-label\" aria-hidden=\"true\">*<\/span><\/legend><ul id=\"wpforms-446-field_3\" class=\"wpforms-field-required\"><li class=\"choice-1 depth-1\"><input type=\"radio\" id=\"wpforms-446-field_3_1\" name=\"wpforms[fields][3]\" value=\"Podn\u011bt\" aria-errormessage=\"wpforms-446-field_3_1-error\" required ><label class=\"wpforms-field-label-inline\" for=\"wpforms-446-field_3_1\">Podn\u011bt<\/label><\/li><li class=\"choice-2 depth-1\"><input type=\"radio\" id=\"wpforms-446-field_3_2\" name=\"wpforms[fields][3]\" value=\"P\u0159ipom\u00ednka\" aria-errormessage=\"wpforms-446-field_3_2-error\" required ><label class=\"wpforms-field-label-inline\" for=\"wpforms-446-field_3_2\">P\u0159ipom\u00ednka<\/label><\/li><li class=\"choice-3 depth-1\"><input type=\"radio\" id=\"wpforms-446-field_3_3\" name=\"wpforms[fields][3]\" value=\"St\u00ed\u017enost\" aria-errormessage=\"wpforms-446-field_3_3-error\" required ><label class=\"wpforms-field-label-inline\" for=\"wpforms-446-field_3_3\">St\u00ed\u017enost<\/label><\/li><\/ul><\/fieldset><\/div><div id=\"wpforms-446-field_4-container\" class=\"wpforms-field wpforms-field-textarea\" data-field-id=\"4\"><label class=\"wpforms-field-label\" for=\"wpforms-446-field_4\">Podn\u011bt, p\u0159ipom\u00ednka \u010di st\u00ed\u017enost k poskytov\u00e1n\u00ed soci\u00e1ln\u00ed slu\u017eby <span class=\"wpforms-required-label\" aria-hidden=\"true\">*<\/span><\/label><textarea id=\"wpforms-446-field_4\" class=\"wpforms-field-medium wpforms-field-required\" name=\"wpforms[fields][4]\" aria-errormessage=\"wpforms-446-field_4-error\" required><\/textarea><\/div><script>\n\t\t\t\t( function() {\n\t\t\t\t\tconst style = document.createElement( 'style' );\n\t\t\t\t\tstyle.appendChild( document.createTextNode( '#wpforms-446-field_5-container { position: absolute !important; overflow: hidden !important; display: inline !important; height: 1px !important; width: 1px !important; z-index: -1000 !important; padding: 0 !important; } #wpforms-446-field_5-container input { visibility: hidden; } #wpforms-conversational-form-page #wpforms-446-field_5-container label { counter-increment: none; }' ) );\n\t\t\t\t\tdocument.head.appendChild( style );\n\t\t\t\t\tdocument.currentScript?.remove();\n\t\t\t\t} )();\n\t\t\t<\/script><\/div><!-- .wpforms-field-container --><div class=\"wpforms-recaptcha-container wpforms-is-recaptcha wpforms-is-recaptcha-type-v2\" ><div class=\"g-recaptcha\" data-sitekey=\"6LdXXAssAAAAAKHUWtTzQtpb6MdQJT20Gwa8BSRq\"><\/div><input type=\"text\" name=\"g-recaptcha-hidden\" class=\"wpforms-recaptcha-hidden\" style=\"position:absolute!important;clip:rect(0,0,0,0)!important;height:1px!important;width:1px!important;border:0!important;overflow:hidden!important;padding:0!important;margin:0!important;\" data-rule-recaptcha=\"1\"><\/div><div class=\"wpforms-submit-container\" ><input type=\"hidden\" name=\"wpforms[id]\" value=\"446\"><input type=\"hidden\" name=\"page_title\" value=\"\"><input type=\"hidden\" name=\"page_url\" value=\"https:\/\/senior-home.cz\/tuchlovice\/wp-json\/wp\/v2\/pages\/39\"><input type=\"hidden\" name=\"url_referer\" value=\"\"><button type=\"submit\" name=\"wpforms[submit]\" id=\"wpforms-submit-446\" class=\"wpforms-submit\" data-alt-text=\"Odes\u00edl\u00e1ni...\" data-submit-text=\"Odeslat\" aria-live=\"assertive\" value=\"wpforms-submit\">Odeslat<\/button><img loading=\"lazy\" decoding=\"async\" src=\"https:\/\/senior-home.cz\/tuchlovice\/wp-content\/plugins\/wpforms-lite\/assets\/images\/submit-spin.svg\" class=\"wpforms-submit-spinner\" style=\"display: none;\" width=\"26\" height=\"26\" alt=\"Na\u010d\u00edt\u00e1n\u00ed\"><\/div><\/form><\/div>  <!-- .wpforms-container -->","protected":false},"excerpt":{"rendered":"<p>Kontakt Osobn\u00ed kontakt v za\u0159\u00edzen\u00ed n\u00ed\u017ee uveden\u00fdch pracovn\u00edk\u016f, pouze po p\u0159edchoz\u00ed rezervaci: Vedouc\u00ed soci\u00e1ln\u00edho \u00faseku, soci\u00e1ln\u00ed pracovn\u00edk:Renata Pavelkov\u00e1, DiSTelefon: +420 773 833 233Email:&nbsp;tuchlovice.socialni@senior-home.cz Soci\u00e1ln\u00ed pracovn\u00edk (informace pro nov\u00e9 \u017eadatele):Mgr. Petr LittmannTelefon: +420 773 833 248Email:&nbsp;tuchlovice.socialni@senior-home.cz Vedouc\u00ed p\u0159\u00edm\u00e9 p\u00e9\u010de, soci\u00e1ln\u00ed pracovn\u00edk:Mark\u00e9ta Pt\u00e1\u010dn\u00edkov\u00e1Telefon: +420 773 833 213Email:\u00a0tuchlovice.primapece@senior-home.cz Z\u00e1stupce vedouc\u00ed p\u0159\u00edm\u00e9 p\u00e9\u010de:Bc. Tereza Ml\u00e1dkov\u00e1Telefon: +420 773 833 232Email: [&hellip;]<\/p>\n","protected":false},"author":1,"featured_media":0,"parent":0,"menu_order":0,"comment_status":"closed","ping_status":"closed","template":"wp-custom-template-str-nky-full","meta":{"ngg_post_thumbnail":0,"_mc_calendar":[],"footnotes":""},"class_list":["post-39","page","type-page","status-publish","hentry"],"_links":{"self":[{"href":"https:\/\/senior-home.cz\/tuchlovice\/wp-json\/wp\/v2\/pages\/39","targetHints":{"allow":["GET"]}}],"collection":[{"href":"https:\/\/senior-home.cz\/tuchlovice\/wp-json\/wp\/v2\/pages"}],"about":[{"href":"https:\/\/senior-home.cz\/tuchlovice\/wp-json\/wp\/v2\/types\/page"}],"author":[{"embeddable":true,"href":"https:\/\/senior-home.cz\/tuchlovice\/wp-json\/wp\/v2\/users\/1"}],"replies":[{"embeddable":true,"href":"https:\/\/senior-home.cz\/tuchlovice\/wp-json\/wp\/v2\/comments?post=39"}],"version-history":[{"count":52,"href":"https:\/\/senior-home.cz\/tuchlovice\/wp-json\/wp\/v2\/pages\/39\/revisions"}],"predecessor-version":[{"id":477,"href":"https:\/\/senior-home.cz\/tuchlovice\/wp-json\/wp\/v2\/pages\/39\/revisions\/477"}],"wp:attachment":[{"href":"https:\/\/senior-home.cz\/tuchlovice\/wp-json\/wp\/v2\/media?parent=39"}],"curies":[{"name":"wp","href":"https:\/\/api.w.org\/{rel}","templated":true}]}}