{"id":41,"date":"2024-04-11T08:37:04","date_gmt":"2024-04-11T06:37:04","guid":{"rendered":"https:\/\/senior-home.cz\/tuchlovice\/?page_id=41"},"modified":"2025-11-25T08:00:10","modified_gmt":"2025-11-25T07:00:10","slug":"navstevy","status":"publish","type":"page","link":"https:\/\/senior-home.cz\/tuchlovice\/navstevy\/","title":{"rendered":"N\u00e1v\u0161t\u011bvy"},"content":{"rendered":"\n<h2 class=\"wp-block-heading\">N\u00e1v\u0161t\u011bvy<\/h2>\n\n\n\n<p>N\u00e1v\u0161t\u011bvy klient\u016f jsou umo\u017en\u011bny<strong>\u00a0kdykoliv<\/strong>\u00a0(pokud nen\u00ed vyhl\u00e1\u0161en z\u00e1kaz n\u00e1v\u0161t\u011bv z d\u016fvodu epidemie nebo karant\u00e9ny), nejsou pevn\u011b stanoveny n\u00e1v\u0161t\u011bvn\u00ed hodiny, je v\u0161ak doporu\u010deno respektov\u00e1n\u00ed doby pod\u00e1v\u00e1n\u00ed stravy a ukon\u010den\u00ed n\u00e1v\u0161t\u011bvy s ohledem na soukrom\u00ed klient\u016f do 18:00 hodin. N\u00e1v\u0161t\u011bvy mohou vz\u00edt klienta na proch\u00e1zku po okol\u00ed, do cukr\u00e1rny apod, nebo vyu\u017e\u00edt prostor v pokoji klienta \u010di na spole\u010dn\u00fdch chodb\u00e1ch, spole\u010densk\u00e9 haly v p\u0159\u00edzem\u00ed nebo terasu.<\/p>\n\n\n\n<p><strong><span style=\"text-decoration: underline;\">V\u00fd\u0161e uveden\u00e9 informace plat\u00ed pouze v p\u0159\u00edpad\u011b, \u017ee nejsou aktu\u00e1ln\u011b platn\u00e1 jak\u00e1koliv jin\u00e1 na\u0159\u00edzen\u00ed vl\u00e1dy, hygieny a dal\u0161\u00edch \u00fa\u0159ad\u016f, p\u0159\u00edpadn\u011b p\u0159\u00edmo spole\u010dnosti Senior Home, s.r.o.. O aktu\u00e1ln\u011b platn\u00fdch na\u0159\u00edzen\u00edch se informujte u soci\u00e1ln\u00edho pracovn\u00edka.<\/span><\/strong><\/p>\n","protected":false},"excerpt":{"rendered":"<p>N\u00e1v\u0161t\u011bvy N\u00e1v\u0161t\u011bvy klient\u016f jsou umo\u017en\u011bny\u00a0kdykoliv\u00a0(pokud nen\u00ed vyhl\u00e1\u0161en z\u00e1kaz n\u00e1v\u0161t\u011bv z d\u016fvodu epidemie nebo karant\u00e9ny), nejsou pevn\u011b stanoveny n\u00e1v\u0161t\u011bvn\u00ed hodiny, je v\u0161ak doporu\u010deno respektov\u00e1n\u00ed doby pod\u00e1v\u00e1n\u00ed stravy a ukon\u010den\u00ed n\u00e1v\u0161t\u011bvy s ohledem na soukrom\u00ed klient\u016f do 18:00 hodin. N\u00e1v\u0161t\u011bvy mohou vz\u00edt klienta na proch\u00e1zku po okol\u00ed, do cukr\u00e1rny apod, nebo vyu\u017e\u00edt prostor v pokoji klienta \u010di [&hellip;]<\/p>\n","protected":false},"author":1,"featured_media":0,"parent":0,"menu_order":0,"comment_status":"closed","ping_status":"closed","template":"","meta":{"ngg_post_thumbnail":0,"_mc_calendar":[],"footnotes":""},"class_list":["post-41","page","type-page","status-publish","hentry"],"_links":{"self":[{"href":"https:\/\/senior-home.cz\/tuchlovice\/wp-json\/wp\/v2\/pages\/41","targetHints":{"allow":["GET"]}}],"collection":[{"href":"https:\/\/senior-home.cz\/tuchlovice\/wp-json\/wp\/v2\/pages"}],"about":[{"href":"https:\/\/senior-home.cz\/tuchlovice\/wp-json\/wp\/v2\/types\/page"}],"author":[{"embeddable":true,"href":"https:\/\/senior-home.cz\/tuchlovice\/wp-json\/wp\/v2\/users\/1"}],"replies":[{"embeddable":true,"href":"https:\/\/senior-home.cz\/tuchlovice\/wp-json\/wp\/v2\/comments?post=41"}],"version-history":[{"count":3,"href":"https:\/\/senior-home.cz\/tuchlovice\/wp-json\/wp\/v2\/pages\/41\/revisions"}],"predecessor-version":[{"id":457,"href":"https:\/\/senior-home.cz\/tuchlovice\/wp-json\/wp\/v2\/pages\/41\/revisions\/457"}],"wp:attachment":[{"href":"https:\/\/senior-home.cz\/tuchlovice\/wp-json\/wp\/v2\/media?parent=41"}],"curies":[{"name":"wp","href":"https:\/\/api.w.org\/{rel}","templated":true}]}}