{"id":47,"date":"2024-04-11T08:38:48","date_gmt":"2024-04-11T06:38:48","guid":{"rendered":"https:\/\/senior-home.cz\/tuchlovice\/?page_id=47"},"modified":"2025-10-24T07:45:52","modified_gmt":"2025-10-24T05:45:52","slug":"sluzby","status":"publish","type":"page","link":"https:\/\/senior-home.cz\/tuchlovice\/sluzby\/","title":{"rendered":"Slu\u017eby"},"content":{"rendered":"\n<h2 class=\"wp-block-heading\">Slu\u017eby<\/h2>\n\n\n\n<p>Rozsah z\u00e1kladn\u00edch slu\u017eeb je v souladu s \u00a7 50 z\u00e1kona 108\/2006 Sb.:<\/p>\n\n\n\n<ul class=\"wp-block-list\">\n<li>poskytnut\u00ed ubytov\u00e1n\u00ed,<\/li>\n\n\n\n<li>poskytnut\u00ed stravy,<\/li>\n\n\n\n<li>pomoc p\u0159\u00ed osobn\u00ed hygien\u011b nebo poskytnut\u00ed podm\u00ednek pro osobn\u00ed hygienu,<\/li>\n\n\n\n<li>pomoc p\u0159i zvl\u00e1d\u00e1n\u00ed b\u011b\u017en\u00fdch \u00fakon\u016f p\u00e9\u010de o vlastn\u00ed osobu,<\/li>\n\n\n\n<li>zprost\u0159edkov\u00e1n\u00ed kontaktu se spole\u010densk\u00fdm prost\u0159ed\u00edm,<\/li>\n\n\n\n<li>soci\u00e1ln\u011b terapeutick\u00e9 \u010dinnosti,<\/li>\n\n\n\n<li>aktiviza\u010dn\u00ed \u010dinnosti,<\/li>\n\n\n\n<li>pomoc p\u0159i uplat\u0148ov\u00e1n\u00ed pr\u00e1v, opr\u00e1vn\u011bn\u00fdch z\u00e1jm\u016f a pomoc p\u0159i obstar\u00e1v\u00e1n\u00ed osobn\u00edch z\u00e1le\u017eitost\u00ed.<\/li>\n<\/ul>\n\n\n\n<p>Mimo v\u00fd\u0161e uveden\u00e9 poskytujeme sv\u00fdm klient\u016fm tak\u00e9 z\u00e1kladn\u00ed soci\u00e1ln\u00ed poradenstv\u00ed. Konkr\u00e9tn\u00ed r\u00e1mec slu\u017eby je individu\u00e1ln\u00ed, p\u0159izp\u016fsobuje se v\u017edy po\u017eadavk\u016fm na\u0161ich klient\u016f a je specifikov\u00e1n v&nbsp;individu\u00e1ln\u00edm pl\u00e1nu, kter\u00fd se tvo\u0159\u00ed po zah\u00e1jen\u00ed poskytov\u00e1n\u00ed soci\u00e1ln\u00ed slu\u017eby.<\/p>\n\n\n\n<p><strong>Ubytov\u00e1n\u00ed<\/strong><\/p>\n\n\n\n<p>Prostory jsou uzp\u016fsobeny tak, aby byla zaji\u0161t\u011bna bezpe\u010dnost klient\u016f p\u0159i jejich pohybu. Klienti jsou ubytov\u00e1n\u00ed ve dvojl\u016f\u017ekov\u00fdch pokoj\u00edch. Ke ka\u017ed\u00e9mu pokoji n\u00e1le\u017e\u00ed vlastn\u00ed WC a sprchov\u00fd kout. V\u00a0r\u00e1mci za\u0159\u00edzen\u00ed jsou rozm\u00edst\u011bny m\u00edsta k\u00a0odpo\u010dinku \u2013 relaxa\u010dn\u00ed koutky, m\u00edsta pro n\u00e1v\u0161t\u011bvy, j\u00eddelna, spole\u010densk\u00e1 m\u00edstnost a terasa.<\/p>\n\n\n\n<p><strong><em>Pokoje jsou vybaven\u00e9:<\/em><\/strong><\/p>\n\n\n\n<ul class=\"wp-block-list\">\n<li>omyvateln\u00fdm n\u00e1bytkem (stolek, \u017eidle, no\u010dn\u00ed stolek, postel, sk\u0159\u00ed\u0148, kompenza\u010dn\u00ed pom\u016fcky),<\/li>\n\n\n\n<li>WC, sprchov\u00fd kout a umyvadlo jsou omyvateln\u00e9 a dezinfikovateln\u00e9,<\/li>\n\n\n\n<li>podlahy jsou omyvateln\u00e9 a dezinfikovateln\u00e9,<\/li>\n\n\n\n<li>st\u011bny jsou neomyvateln\u00e9.<\/li>\n<\/ul>\n\n\n\n<p><strong>Stravov\u00e1n\u00ed<\/strong><\/p>\n\n\n\n<p>Klient\u016fm zaji\u0161\u0165ujeme celodenn\u00ed stravu odpov\u00eddaj\u00edc\u00ed v\u011bku, z\u00e1sad\u00e1m racion\u00e1ln\u00ed v\u00fd\u017eivy a pot\u0159eb\u00e1m dietn\u00edho stravov\u00e1n\u00ed v rozsahu t\u0159\u00ed hlavn\u00edch j\u00eddel. Skladbu j\u00eddel konzultujeme s nutri\u010dn\u00edm terapeutem. Strava je pod\u00e1v\u00e1na v z\u00e1vislosti na mo\u017enostech a p\u0159\u00e1n\u00ed klient\u016f \u2013 v&nbsp;j\u00eddeln\u011b nebo v mal\u00fdch j\u00eddeln\u00e1ch na patrech nebo na pokoj\u00edch.<\/p>\n\n\n\n<p><strong>O\u0161et\u0159ovatelsk\u00e1 a zdravotn\u00ed p\u00e9\u010de v\u010detn\u011b rehabilitace<\/strong><\/p>\n\n\n\n<p>O\u0161et\u0159ovatelsk\u00e1 p\u00e9\u010de je poskytov\u00e1na s ohledem na individu\u00e1ln\u00ed pot\u0159eby klient\u016f. L\u00e9ka\u0159skou p\u00e9\u010di zaji\u0161\u0165uje smluvn\u00ed praktick\u00fd l\u00e9ka\u0159 a psychiatr, p\u0159i\u010dem\u017e svobodn\u00e1 volba l\u00e9ka\u0159e a zdravotn\u00ed poji\u0161\u0165ovny klient\u016f z\u016fst\u00e1v\u00e1 zachov\u00e1na.<\/p>\n\n\n\n<p><strong>Zprost\u0159edkov\u00e1n\u00ed kontaktu se spole\u010densk\u00fdm prost\u0159ed\u00edm<\/strong><\/p>\n\n\n\n<p>V&nbsp;r\u00e1mci zprost\u0159edkov\u00e1n\u00ed kontaktu se spole\u010densk\u00fdm prost\u0159ed\u00edm nab\u00edz\u00edme na\u0161im klient\u016fm pestr\u00e9 vy\u017eit\u00ed. Po\u0159\u00e1d\u00e1me besedy a posezen\u00ed u \u010daje\/k\u00e1vy, doprov\u00e1z\u00edme klienty na proch\u00e1zk\u00e1ch v&nbsp;doprovodu pracovn\u00edka v&nbsp;soci\u00e1ln\u00edch slu\u017eb\u00e1ch \u2013 pe\u010dovatele \u010di lektora voln\u00e9ho \u010dasu, umo\u017e\u0148ujeme klient\u016fm zprost\u0159edkov\u00e1n\u00ed vyu\u017eit\u00ed m\u00edstn\u00edch slu\u017eeb (kade\u0159nictv\u00ed, n\u00e1kupy, v\u00fdstavy apod.). Podporujeme kontakty s&nbsp;rodinami.<\/p>\n\n\n\n<p><strong>\u00daklid, pran\u00ed a drobn\u00e9 opravy pr\u00e1dla<\/strong><\/p>\n\n\n\n<p>\u00daklid, pran\u00ed a drobn\u00e9 opravy zaji\u0161\u0165uje spole\u010dnost Senior Home Servis s.r.o..<\/p>\n\n\n\n<p><strong>Aktivizace a nab\u00eddka volno\u010dasov\u00fdch aktivit<\/strong><\/p>\n\n\n\n<p>Usilujeme o rozvoj \u010di zachov\u00e1n\u00ed st\u00e1vaj\u00edc\u00edch schopnost\u00ed klient\u016f. V&nbsp;r\u00e1mci poskytov\u00e1n\u00ed aktiviza\u010dn\u00ed a volno\u010dasov\u00fdch aktivit zaji\u0161\u0165ujeme na\u0161im klient\u016fm pestr\u00fd celodenn\u00ed program v\u010detn\u011b zaji\u0161t\u011bn\u00ed kulturn\u00edch, z\u00e1jmov\u00fdch a spole\u010densk\u00fdch akc\u00ed. C\u00edlem je maxim\u00e1ln\u00ed zapojen\u00ed klient\u016f do b\u011b\u017en\u00e9ho \u017eivota s respektem k jejich osobnosti a pot\u0159eb\u00e1m.<\/p>\n\n\n\n<p>V&nbsp;r\u00e1mci aktivizace klient\u016f se zab\u00fdv\u00e1me nap\u0159\u00edklad t\u011bmito \u010dinnostmi: va\u0159en\u00ed, prom\u00edt\u00e1n\u00ed, spole\u010densk\u00e9 hry, rukod\u011bln\u00e9 \u010dinnosti, tr\u00e9nov\u00e1n\u00ed kognitivn\u00edch funkc\u00ed, \u010dten\u00ed, udr\u017een\u00ed t\u011blesn\u00e9ho zdrav\u00ed vhodn\u00fdm cvi\u010den\u00edm, relaxa\u010dn\u00ed poslech hudby, canisterapie, sout\u011b\u017ee, kulturn\u00ed a spole\u010densk\u00e9 akce, op\u00e9k\u00e1n\u00ed \u0161pek\u00e1\u010dk\u016f u ohn\u011b apod.<\/p>\n\n\n\n<p><strong>Z\u00e1kladn\u00ed soci\u00e1ln\u00ed poradenstv\u00ed<\/strong><\/p>\n\n\n\n<p>V&nbsp;r\u00e1mci poskytov\u00e1n\u00ed soci\u00e1ln\u00ed slu\u017eby poskytujeme z\u00e1kladn\u00ed soci\u00e1ln\u00ed poradenstv\u00ed:<\/p>\n\n\n\n<ul class=\"wp-block-list\">\n<li>poskytnut\u00ed informac\u00ed o mo\u017enosti v\u00fdb\u011bru jin\u00fdch soci\u00e1ln\u011b-zdravotnick\u00fdch slu\u017eeb a jin\u00fdch b\u011b\u017en\u011b dostupn\u00fdch zdroj\u016f podpory;<\/li>\n\n\n\n<li>poskytnut\u00ed informac\u00ed o z\u00e1kladn\u00edch pr\u00e1vech a povinnostech osoby, zejm\u00e9na v souvislosti s poskytov\u00e1n\u00edm soci\u00e1ln\u00edch slu\u017eeb;<\/li>\n\n\n\n<li>poskytnut\u00ed informac\u00ed o dal\u0161\u00edch form\u00e1ch pomoci (nap\u0159. o st\u00e1tn\u00edm soci\u00e1ln\u00edm zabezpe\u010den\u00ed, v oblasti bydlen\u00ed, zam\u011bstn\u00e1n\u00ed, aj.);<\/li>\n\n\n\n<li>zprost\u0159edkov\u00e1n\u00ed komunikace s \u00fa\u0159ady \u010di jin\u00fdmi institucemi.<\/li>\n<\/ul>\n","protected":false},"excerpt":{"rendered":"<p>Slu\u017eby Rozsah z\u00e1kladn\u00edch slu\u017eeb je v souladu s \u00a7 50 z\u00e1kona 108\/2006 Sb.: Mimo v\u00fd\u0161e uveden\u00e9 poskytujeme sv\u00fdm klient\u016fm tak\u00e9 z\u00e1kladn\u00ed soci\u00e1ln\u00ed poradenstv\u00ed. Konkr\u00e9tn\u00ed r\u00e1mec slu\u017eby je individu\u00e1ln\u00ed, p\u0159izp\u016fsobuje se v\u017edy po\u017eadavk\u016fm na\u0161ich klient\u016f a je specifikov\u00e1n v&nbsp;individu\u00e1ln\u00edm pl\u00e1nu, kter\u00fd se tvo\u0159\u00ed po zah\u00e1jen\u00ed poskytov\u00e1n\u00ed soci\u00e1ln\u00ed slu\u017eby. Ubytov\u00e1n\u00ed Prostory jsou uzp\u016fsobeny tak, aby byla zaji\u0161t\u011bna [&hellip;]<\/p>\n","protected":false},"author":1,"featured_media":0,"parent":0,"menu_order":0,"comment_status":"closed","ping_status":"closed","template":"","meta":{"ngg_post_thumbnail":0,"_mc_calendar":[],"footnotes":""},"class_list":["post-47","page","type-page","status-publish","hentry"],"_links":{"self":[{"href":"https:\/\/senior-home.cz\/tuchlovice\/wp-json\/wp\/v2\/pages\/47","targetHints":{"allow":["GET"]}}],"collection":[{"href":"https:\/\/senior-home.cz\/tuchlovice\/wp-json\/wp\/v2\/pages"}],"about":[{"href":"https:\/\/senior-home.cz\/tuchlovice\/wp-json\/wp\/v2\/types\/page"}],"author":[{"embeddable":true,"href":"https:\/\/senior-home.cz\/tuchlovice\/wp-json\/wp\/v2\/users\/1"}],"replies":[{"embeddable":true,"href":"https:\/\/senior-home.cz\/tuchlovice\/wp-json\/wp\/v2\/comments?post=47"}],"version-history":[{"count":3,"href":"https:\/\/senior-home.cz\/tuchlovice\/wp-json\/wp\/v2\/pages\/47\/revisions"}],"predecessor-version":[{"id":442,"href":"https:\/\/senior-home.cz\/tuchlovice\/wp-json\/wp\/v2\/pages\/47\/revisions\/442"}],"wp:attachment":[{"href":"https:\/\/senior-home.cz\/tuchlovice\/wp-json\/wp\/v2\/media?parent=47"}],"curies":[{"name":"wp","href":"https:\/\/api.w.org\/{rel}","templated":true}]}}